{"id":58,"date":"2019-11-01T22:03:40","date_gmt":"2019-11-01T21:03:40","guid":{"rendered":"https:\/\/wrzospaznokcie.pl\/?page_id=58"},"modified":"2020-05-12T21:04:11","modified_gmt":"2020-05-12T19:04:11","slug":"strona-glowna","status":"publish","type":"page","link":"https:\/\/wrzospaznokcie.pl\/","title":{"rendered":"Strona G\u0142\u00f3wna"},"content":{"rendered":"\t\t<div data-elementor-type=\"wp-page\" data-elementor-id=\"58\" class=\"elementor elementor-58\">\n\t\t\t\t\t\t<section class=\"elementor-section elementor-top-section elementor-element elementor-element-326b528b elementor-section-content-middle elementor-section-height-full elementor-section-boxed elementor-section-height-default elementor-section-items-middle\" data-id=\"326b528b\" data-element_type=\"section\" data-e-type=\"section\" data-settings=\"{&quot;background_background&quot;:&quot;classic&quot;}\">\n\t\t\t\t\t\t<div class=\"elementor-container elementor-column-gap-wide\">\n\t\t\t\t\t<main class=\"elementor-column elementor-col-33 elementor-top-column elementor-element elementor-element-21b9b65a\" data-id=\"21b9b65a\" data-element_type=\"column\" data-e-type=\"column\" data-settings=\"{&quot;background_background&quot;:&quot;classic&quot;}\">\n\t\t\t<div class=\"elementor-widget-wrap elementor-element-populated\">\n\t\t\t\t\t\t<div class=\"elementor-element elementor-element-79ac2c12 animated-slow elementor-widget__width-inherit elementor-invisible elementor-widget elementor-widget-heading\" data-id=\"79ac2c12\" data-element_type=\"widget\" data-e-type=\"widget\" data-settings=\"{&quot;_animation&quot;:&quot;fadeInUp&quot;,&quot;_animation_delay&quot;:400}\" data-widget_type=\"heading.default\">\n\t\t\t\t<div class=\"elementor-widget-container\">\n\t\t\t\t\t<h4 class=\"elementor-heading-title elementor-size-large\">Wrzos Studio Paznokci<\/h4>\t\t\t\t<\/div>\n\t\t\t\t<\/div>\n\t\t\t\t\t<\/div>\n\t\t<\/main>\n\t\t\t\t<div class=\"elementor-column elementor-col-33 elementor-top-column elementor-element elementor-element-63ed4b7e\" data-id=\"63ed4b7e\" data-element_type=\"column\" data-e-type=\"column\" data-settings=\"{&quot;background_background&quot;:&quot;classic&quot;}\">\n\t\t\t<div class=\"elementor-widget-wrap elementor-element-populated\">\n\t\t\t\t\t\t<div class=\"elementor-element elementor-element-544b4f2b animated-slow elementor-invisible elementor-widget elementor-widget-image\" data-id=\"544b4f2b\" data-element_type=\"widget\" data-e-type=\"widget\" data-settings=\"{&quot;_animation&quot;:&quot;fadeIn&quot;}\" data-widget_type=\"image.default\">\n\t\t\t\t<div class=\"elementor-widget-container\">\n\t\t\t\t\t\t\t\t\t\t\t\t\t\t\t<img fetchpriority=\"high\" decoding=\"async\" width=\"768\" height=\"512\" src=\"https:\/\/wrzospaznokcie.pl\/wp-content\/uploads\/2019\/11\/IMG_4400-768x512.jpg\" class=\"elementor-animation-grow attachment-medium_large size-medium_large wp-image-68\" alt=\"\" srcset=\"https:\/\/wrzospaznokcie.pl\/wp-content\/uploads\/2019\/11\/IMG_4400-768x512.jpg 768w, https:\/\/wrzospaznokcie.pl\/wp-content\/uploads\/2019\/11\/IMG_4400-300x200.jpg 300w\" sizes=\"(max-width: 768px) 100vw, 768px\" \/>\t\t\t\t\t\t\t\t\t\t\t\t\t\t\t<\/div>\n\t\t\t\t<\/div>\n\t\t\t\t<div class=\"elementor-element elementor-element-6903d7df elementor-widget elementor-widget-text-editor\" data-id=\"6903d7df\" data-element_type=\"widget\" data-e-type=\"widget\" data-widget_type=\"text-editor.default\">\n\t\t\t\t<div class=\"elementor-widget-container\">\n\t\t\t\t\t\t\t\t\t<p>&#8222;<em>Z mi\u0142o\u015bci do paznokci po rado\u015b\u0107 klientki.&nbsp; <\/em><em>Nic tak nie poprawia humoru jak \u015bwie\u017cy manicure<\/em>&#8222;. W naszej ofercie znajdziesz stylizacj\u0119 paznokci na wysokim poziomie.<\/p>\n<p>Kszta\u0142t paznokcia i poszarpane sk\u00f3rki to Twoja zmora a nie chcesz nak\u0142ada\u0107 \u017celu\/hybrydy? &#8211; zapraszamy na manicure klasyczny. Zale\u017cy Ci na naturalnym efekcie? &#8211; hybryda b\u0119dzie idealnym rozwi\u0105zaniem na utwardzenie naturalnego paznokcia. Marzysz o d\u0142ugich paznokciach jak z ok\u0142adki magazynu? &#8211; przed\u0142u\u017cenie za\u0142atwi spraw\u0119! Napisz lub zadzwo\u0144 i si\u0119 przekonaj!<br><em><strong>ALICJA CZUWAJ<\/strong><\/em><\/p>\t\t\t\t\t\t\t\t<\/div>\n\t\t\t\t<\/div>\n\t\t\t\t\t<\/div>\n\t\t<\/div>\n\t\t\t\t<div class=\"elementor-column elementor-col-33 elementor-top-column elementor-element elementor-element-1d1f2e34\" data-id=\"1d1f2e34\" data-element_type=\"column\" data-e-type=\"column\" data-settings=\"{&quot;background_background&quot;:&quot;classic&quot;}\">\n\t\t\t<div class=\"elementor-widget-wrap elementor-element-populated\">\n\t\t\t\t\t\t<div class=\"elementor-element elementor-element-7de13ffd elementor-widget elementor-widget-text-editor\" data-id=\"7de13ffd\" data-element_type=\"widget\" data-e-type=\"widget\" data-widget_type=\"text-editor.default\">\n\t\t\t\t<div class=\"elementor-widget-container\">\n\t\t\t\t\t\t\t\t\t<p>Pracujemy przy u\u017cyciu wysterylizowanych narz\u0119dzi oraz jednorazowych pilniczk\u00f3w.<br \/>Salon jest klimatyzowany.<br \/>Do wyboru ponad 200 kolor\u00f3w.<br \/>Akceptowalne formy p\u0142atno\u015bci :<\/p><p>Got\u00f3wka, Karta, Blik<br \/>Godziny otwarcia od poniedzia\u0142ku do pi\u0105tku\u00a0 \u00a0 \u00a0 10:00 \u2013 20:00<br \/>Zapisy na wizyty telefonicznie lub online poprzez odno\u015bnik do Facebooka<br \/>Po przeniesieniu na nasz \u201efanpage\u201d wy\u015bwietlaj\u0105 si\u0119 od razu wszystkie dost\u0119pne terminy wizyt, ceny oraz czasy ich trwania.<\/p>\t\t\t\t\t\t\t\t<\/div>\n\t\t\t\t<\/div>\n\t\t\t\t<div class=\"elementor-element elementor-element-59a5f1bb animated-slow elementor-invisible elementor-widget elementor-widget-image\" data-id=\"59a5f1bb\" data-element_type=\"widget\" data-e-type=\"widget\" data-settings=\"{&quot;_animation&quot;:&quot;fadeInRight&quot;}\" data-widget_type=\"image.default\">\n\t\t\t\t<div class=\"elementor-widget-container\">\n\t\t\t\t\t\t\t\t\t\t\t\t\t\t\t<img decoding=\"async\" width=\"800\" height=\"574\" data-src=\"https:\/\/wrzospaznokcie.pl\/wp-content\/uploads\/2019\/11\/IMG_4417-1024x735.jpg\" class=\"elementor-animation-grow attachment-large size-large wp-image-72 lazyload\" alt=\"\" data-srcset=\"https:\/\/wrzospaznokcie.pl\/wp-content\/uploads\/2019\/11\/IMG_4417-1024x735.jpg 1024w, https:\/\/wrzospaznokcie.pl\/wp-content\/uploads\/2019\/11\/IMG_4417-300x215.jpg 300w, https:\/\/wrzospaznokcie.pl\/wp-content\/uploads\/2019\/11\/IMG_4417-768x552.jpg 768w\" data-sizes=\"(max-width: 800px) 100vw, 800px\" src=\"data:image\/svg+xml;base64,PHN2ZyB3aWR0aD0iMSIgaGVpZ2h0PSIxIiB4bWxucz0iaHR0cDovL3d3dy53My5vcmcvMjAwMC9zdmciPjwvc3ZnPg==\" style=\"--smush-placeholder-width: 800px; --smush-placeholder-aspect-ratio: 800\/574;\" \/>\t\t\t\t\t\t\t\t\t\t\t\t\t\t\t<\/div>\n\t\t\t\t<\/div>\n\t\t\t\t\t<\/div>\n\t\t<\/div>\n\t\t\t\t\t<\/div>\n\t\t<\/section>\n\t\t\t\t<\/div>\n\t\t","protected":false},"excerpt":{"rendered":"<p>Wrzos Studio Paznokci &#8222;Z mi\u0142o\u015bci do paznokci po rado\u015b\u0107 klientki.&nbsp; Nic tak nie poprawia humoru jak \u015bwie\u017cy manicure&#8222;. W naszej ofercie znajdziesz stylizacj\u0119 paznokci na wysokim poziomie. Kszta\u0142t paznokcia i poszarpane sk\u00f3rki to Twoja zmora a nie chcesz nak\u0142ada\u0107 \u017celu\/hybrydy? &#8211; zapraszamy na manicure klasyczny. Zale\u017cy Ci na naturalnym efekcie?&#8230; <a class=\"continue-reading-link\" href=\"https:\/\/wrzospaznokcie.pl\/\"> Continue reading <span class=\"meta-nav\">&rarr; <\/span><\/a><\/p>\n","protected":false},"author":1,"featured_media":0,"parent":0,"menu_order":0,"comment_status":"closed","ping_status":"closed","template":"elementor_header_footer","meta":{"footnotes":""},"class_list":["post-58","page","type-page","status-publish","hentry"],"_links":{"self":[{"href":"https:\/\/wrzospaznokcie.pl\/index.php?rest_route=\/wp\/v2\/pages\/58","targetHints":{"allow":["GET"]}}],"collection":[{"href":"https:\/\/wrzospaznokcie.pl\/index.php?rest_route=\/wp\/v2\/pages"}],"about":[{"href":"https:\/\/wrzospaznokcie.pl\/index.php?rest_route=\/wp\/v2\/types\/page"}],"author":[{"embeddable":true,"href":"https:\/\/wrzospaznokcie.pl\/index.php?rest_route=\/wp\/v2\/users\/1"}],"replies":[{"embeddable":true,"href":"https:\/\/wrzospaznokcie.pl\/index.php?rest_route=%2Fwp%2Fv2%2Fcomments&post=58"}],"version-history":[{"count":37,"href":"https:\/\/wrzospaznokcie.pl\/index.php?rest_route=\/wp\/v2\/pages\/58\/revisions"}],"predecessor-version":[{"id":422,"href":"https:\/\/wrzospaznokcie.pl\/index.php?rest_route=\/wp\/v2\/pages\/58\/revisions\/422"}],"wp:attachment":[{"href":"https:\/\/wrzospaznokcie.pl\/index.php?rest_route=%2Fwp%2Fv2%2Fmedia&parent=58"}],"curies":[{"name":"wp","href":"https:\/\/api.w.org\/{rel}","templated":true}]}}